{"id":7290,"date":"2020-07-23T08:51:16","date_gmt":"2020-07-23T08:51:16","guid":{"rendered":"https:\/\/www.sicmasrl.com\/les-machines\/soluzioni-alternative\/"},"modified":"2025-05-23T10:10:20","modified_gmt":"2025-05-23T10:10:20","slug":"solutions-alternatives","status":"publish","type":"page","link":"https:\/\/www.sicmasrl.com\/fr\/les-machines\/solutions-alternatives\/","title":{"rendered":"Solutions Alternatives"},"content":{"rendered":"<h2>SOLUTIONS  ALTERNATIVES<\/h2>\n<hr>\n<h3>NOS SOLUTIONS DE R\u00c9COLTE<\/h3>\n<ul>\n<li>\n<p>        <img decoding=\"async\" data-src=\"\/wp-content\/uploads\/IMG_4049-scaled.jpg\" alt=\"\" src=\"data:image\/svg+xml;base64,PHN2ZyB3aWR0aD0iMSIgaGVpZ2h0PSIxIiB4bWxucz0iaHR0cDovL3d3dy53My5vcmcvMjAwMC9zdmciPjwvc3ZnPg==\" class=\"lazyload\" style=\"--smush-placeholder-width: 2560px; --smush-placeholder-aspect-ratio: 2560\/1920;\"><\/p>\n<h5>KIT MINI EXCAVATRICE<\/h5>\n<p><a href=\"\/fr\/index.php?page_id=7481\">DECOUVREZ PLUS<\/a><\/p>\n<\/li>\n<li>\n<p>        <img decoding=\"async\" data-src=\"\/wp-content\/uploads\/IMG_2732-scaled.jpg\" alt=\"\" src=\"data:image\/svg+xml;base64,PHN2ZyB3aWR0aD0iMSIgaGVpZ2h0PSIxIiB4bWxucz0iaHR0cDovL3d3dy53My5vcmcvMjAwMC9zdmciPjwvc3ZnPg==\" class=\"lazyload\" style=\"--smush-placeholder-width: 2560px; --smush-placeholder-aspect-ratio: 2560\/1920;\"><\/p>\n<h5>KIT MINI PELLE<\/h5>\n<p><a href=\"\/fr\/index.php?page_id=7490\">DECOUVREZ PLUS<\/a><\/p>\n<\/li>\n<li>\n<p>        <img decoding=\"async\" data-src=\"\/wp-content\/uploads\/IMG_6907-scaled.jpg\" alt=\"\" src=\"data:image\/svg+xml;base64,PHN2ZyB3aWR0aD0iMSIgaGVpZ2h0PSIxIiB4bWxucz0iaHR0cDovL3d3dy53My5vcmcvMjAwMC9zdmciPjwvc3ZnPg==\" class=\"lazyload\" style=\"--smush-placeholder-width: 2560px; --smush-placeholder-aspect-ratio: 2560\/1920;\"><\/p>\n<h5>KIT \u00c9L\u00c9VATEUR <\/h5>\n<p><a href=\"\/fr\/index.php?page_id=7499\">DECOUVREZ PLUS<\/a><\/p>\n<\/li>\n<\/ul>\n<p><img decoding=\"async\" data-src=\"\/wp-content\/uploads\/hand-sicma-level.png\" alt=\"\" src=\"data:image\/svg+xml;base64,PHN2ZyB3aWR0aD0iMSIgaGVpZ2h0PSIxIiB4bWxucz0iaHR0cDovL3d3dy53My5vcmcvMjAwMC9zdmciPjwvc3ZnPg==\" class=\"lazyload\" style=\"--smush-placeholder-width: 946px; --smush-placeholder-aspect-ratio: 946\/824;\"><\/p>\n<h1><span style=\"color: #f8c400;\">Technologie Avanc\u00e9e pour la R\u00e9colte des Olives, Noix, Amandes et Fruits Suspendus<\/span><\/h1>\n<div>\n<p>Technologie et Innovation MADE IN ITALY<\/p>\n<\/div>\n<h4>SOCI\u00c9T\u00c9<\/h4>\n<ul>\n<li>\n<p><a href=\"\/fr\/index.php?page_id=7195\">SOCI\u00c9T\u00c9<\/a><\/p>\n<\/li>\n<li>\n<p><a href=\"\/fr\/index.php?page_id=7226\">MISSION<\/a><\/p>\n<\/li>\n<li>\n<p><a href=\"\/fr\/index.php?page_id=7206\">EXP\u00c9RIENCES<\/a><\/p>\n<\/li>\n<li>\n<p><a href=\"\/fr\/index.php?page_id=7218\">GAMME<\/a><\/p>\n<\/li>\n<\/ul>\n<h4><a href=\"\/fr\/index.php?page_id=7257\">LES MACHINES<\/a><\/h4>\n<ul>\n<li>\n<p><a href=\"\/fr\/index.php?page_id=7283\">AUTOMOTRICES<\/a><\/p>\n<\/li>\n<li>\n<p><a href=\"\/fr\/index.php?page_id=7274\">APPLICATIONS SUR TRACTEUR<\/a><\/p>\n<\/li>\n<li>\n<p><a href=\"\/fr\/index.php?page_id=7290\">SOLUTIONS ALTERNATIVES<\/a><\/p>\n<\/li>\n<\/ul>\n<h4>SERVICES<\/h4>\n<ul>\n<li>\n<p><a href=\"\/fr\/index.php?page_id=7301\">PI\u00c8CES DE RECHANGE &#038; SERVICE APR\u00c8S-VENTE<\/a><\/p>\n<\/li>\n<li>\n<p><a href=\"\/fr\/index.php?page_id=7311\">OCCASION<\/a><\/p>\n<\/li>\n<\/ul>\n<h4>CONCESSIONNAIRES<\/h4>\n<ul>\n<li>\n<p><a href=\"\/fr\/index.php?page_id=7247\">ITALIE<\/a><\/p>\n<\/li>\n<li>\n<p><a href=\"\/fr\/index.php?page_id=7238\">RESTE DU MONDE<\/a><\/p>\n<\/li>\n<\/ul>\n<div>\n\n    <div id=\"wk-gridfcc\" class=\"uk-child-width-1-1 uk-child-width-1-2@s uk-child-width-1-2@m uk-child-width-1-2@l uk-child-width-1-2@xl uk-grid-large uk-grid-match uk-text-center \" uk-height-match=\"target: &gt; div &gt; .uk-panel, &gt; div &gt; .uk-card; row: true\" uk-grid >\n\n    \n        <div >\n            <div class=\"uk-panel\">\n\n                \n                \n                \n                \n                    \n                        \n                        \n                        \n                        \n                                                <div class=\"uk-margin\"><p style=\"text-align: right;\"><em>SICMA S.r.l. di Carchedi Francesco<\/em><p>\n<p style=\"text-align: right;\">Localit\u00e0 Callipo Zona Industriale<br \/>\n    88022 Acconia di Curinga (CZ) - Italy<br \/>\n    VAT #01805340799<\/p>\n<p><\/p>\n<ul class=\"uk-subnav uk-flex-right\">\n<li style=\"list-style-type: none;\">\n<ul class=\"uk-subnav uk-flex-right\">\n<li style=\"list-style-type: none;\">\n<ul class=\"uk-subnav uk-flex-right\">\n<li>\n<ul class=\"uk-subnav uk-flex-right\">\n<li><strong><span style=\"text-decoration: underline;\"><a href=\"\/fr\/index.php?page_id=7649\">PRIVACY e COOKIE POLICY<\/a><\/span> - <span style=\"text-decoration: underline;\"><a href=\"\/fr\/index.php?page_id=7646\">DATI SOCIETARI<\/a><\/span><\/strong><\/li>\n<li>\u00a0<\/li>\n<li style=\"text-align: right;\"><span style=\"color: #0000ff;\"><em>Copyright \u00a9 2020<br \/>Powered by INDO SRLS<\/em><\/span><\/li>\n<\/ul>\n<\/li>\n<\/ul>\n<\/li>\n<\/ul>\n<\/li>\n<\/ul><\/div>\n                        \n                        \n                        \n                    \n                \n            <\/div>\n        <\/div>\n\n    \n        <div >\n            <div class=\"uk-panel\">\n\n                \n                \n                \n                \n                    \n                        \n                        \n                        \n                        \n                                                <div class=\"uk-margin\"><p style=\"text-align: left;\"><strong>CONTACTS<\/strong><\/p>\n<p style=\"text-align: left;\"><strong>Tel.<\/strong> <a href=\"tel:+39096878240\">+39 0968 78240<\/a><\/p>\n<p style=\"text-align: left;\"><a class=\"verdanaLINK\" href=\"mailto:info@sicmasrl.com\"><b>info@sicmasrl.com<\/b><\/a><\/p>\n<p style=\"text-align: left;\">\n<a href=\"https:\/\/www.facebook.com\/pages\/Sicma-srl\/390677237677820?fref=ts\" class=\"uk-icon-link uk-icon social-footer\" target=\"_blank\" uk-icon=\"facebook\"><\/a> &nbsp; \n<a href=\"https:\/\/www.youtube.com\/channel\/UCIYRcq8zT6jpF2xwf9-fXng\" class=\"uk-icon-link uk-icon social-footer\" target=\"_blank\" uk-icon=\"youtube\"><\/a> &nbsp; \n<a href=\"https:\/\/www.instagram.com\/sicma_srl\/\" class=\"uk-icon-link uk-icon social-footer\" target=\"_blank\" uk-icon=\"instagram\"><\/a> &nbsp; \n<a href=\"https:\/\/api.whatsapp.com\/send?phone=+393388316052\" class=\"uk-icon-link uk-icon social-footer\" target=\"_blank\" uk-icon=\"whatsapp\"><\/a> &nbsp; \n<a href=\"viber:\/\/chat?number=%2B393388316052\" target=\"_blank\" rel=\"viber:\/\/chat?number=%2B393388316052\"><img decoding=\"async\" data-src=\"https:\/\/sicmasrl.com\/wp-content\/uploads\/viber.svg\" alt=\"\" class=\"wp-image-3166 lazyload\" width=\"20\" height=\"20\" src=\"data:image\/svg+xml;base64,PHN2ZyB3aWR0aD0iMSIgaGVpZ2h0PSIxIiB4bWxucz0iaHR0cDovL3d3dy53My5vcmcvMjAwMC9zdmciPjwvc3ZnPg==\" style=\"--smush-placeholder-width: 20px; --smush-placeholder-aspect-ratio: 20\/20;\" \/><\/a>\n<\/p><\/div>\n                        \n                        \n                        \n                    \n                \n            <\/div>\n        <\/div>\n\n    \n    <\/div>\n\n<\/div>\n<p><!--more--><br \/>\n<!-- {\"name\":\"Semoventi\",\"type\":\"layout\",\"children\":[{\"type\":\"section\",\"props\":{\"header_transparent\":true,\"header_transparent_noplaceholder\":true,\"header_transparent_text_color\":\"dark\",\"image\":\"wp-content\\\/uploads\\\/IMG_7816-scaled.jpg\",\"image_position\":\"center-center\",\"image_size\":\"cover\",\"media_overlay\":\"rgba(251, 249, 249, 0.55)\",\"padding\":\"xlarge\",\"style\":\"muted\",\"title_breakpoint\":\"xl\",\"title_position\":\"top-left\",\"title_rotation\":\"left\",\"vertical_align\":\"\",\"width\":\"large\"},\"children\":[{\"type\":\"row\",\"children\":[{\"type\":\"column\",\"props\":{\"image_position\":\"center-center\",\"position_sticky_breakpoint\":\"m\",\"width_medium\":\"1-1\"},\"children\":[{\"type\":\"headline\",\"props\":{\"content\":\"SOLUTIONS  ALTERNATIVES\",\"margin\":\"xlarge\",\"margin_remove_bottom\":true,\"text_align\":\"center\",\"title_color\":\"background\",\"title_element\":\"h2\",\"title_style\":\"heading-medium\"}},{\"type\":\"divider\",\"props\":{\"divider_element\":\"hr\",\"divider_style\":\"icon\"}}]}]}]},{\"type\":\"section\",\"props\":{\"image_position\":\"center-center\",\"style\":\"default\",\"title_breakpoint\":\"xl\",\"title_position\":\"top-left\",\"title_rotation\":\"left\",\"vertical_align\":\"\",\"width\":\"large\"},\"children\":[{\"type\":\"row\",\"children\":[{\"type\":\"column\",\"props\":{\"image_position\":\"center-center\",\"position_sticky_breakpoint\":\"m\"},\"children\":[{\"type\":\"breadcrumbs\",\"props\":{\"show_current\":true,\"show_home\":true}}]}]}]},{\"type\":\"section\",\"props\":{\"image_position\":\"center-center\",\"style\":\"default\",\"title_breakpoint\":\"xl\",\"title_position\":\"top-left\",\"title_rotation\":\"left\",\"vertical_align\":\"\",\"width\":\"large\"},\"children\":[{\"type\":\"row\",\"props\":{\"divider\":true},\"children\":[{\"type\":\"column\",\"props\":{\"image_position\":\"center-center\",\"position_sticky_breakpoint\":\"m\",\"width_medium\":\"1-1\"},\"children\":[{\"type\":\"headline\",\"props\":{\"content\":\"NOS SOLUTIONS DE R\\u00c9COLTE\",\"text_align\":\"center\",\"title_element\":\"h3\",\"title_style\":\"h2\"}},{\"type\":\"grid\",\"props\":{\"block_align\":\"center\",\"content_column_breakpoint\":\"m\",\"filter_align\":\"left\",\"filter_all\":true,\"filter_grid_breakpoint\":\"m\",\"filter_grid_width\":\"auto\",\"filter_position\":\"top\",\"filter_style\":\"tab\",\"grid_default\":\"3\",\"grid_large\":\"3\",\"grid_medium\":\"3\",\"grid_small\":\"3\",\"grid_xlarge\":\"3\",\"icon_width\":80,\"image_align\":\"top\",\"image_grid_breakpoint\":\"m\",\"image_grid_width\":\"1-2\",\"image_height\":\"350\",\"image_svg_color\":\"emphasis\",\"image_width\":\"380\",\"item_animation\":true,\"lightbox_bg_close\":true,\"link_style\":\"primary\",\"link_text\":\"DECOUVREZ PLUS\",\"margin\":\"default\",\"meta_align\":\"below-title\",\"meta_element\":\"div\",\"meta_style\":\"text-meta\",\"parallax_easing\":\"1\",\"show_content\":true,\"show_hover_image\":true,\"show_hover_video\":true,\"show_image\":true,\"show_link\":true,\"show_meta\":true,\"show_title\":true,\"show_video\":true,\"text_align\":\"center\",\"title_align\":\"top\",\"title_element\":\"h5\",\"title_grid_breakpoint\":\"m\",\"title_grid_width\":\"1-2\",\"title_hover_style\":\"reset\"},\"children\":[{\"type\":\"grid_item\",\"props\":{\"image\":\"wp-content\\\/uploads\\\/IMG_4049-scaled.jpg\",\"link\":\"fr\\\/index.php?page_id=7481\",\"title\":\"KIT MINI EXCAVATRICE\"}},{\"type\":\"grid_item\",\"props\":{\"image\":\"wp-content\\\/uploads\\\/IMG_2732-scaled.jpg\",\"link\":\"fr\\\/index.php?page_id=7490\",\"title\":\"KIT MINI PELLE\"}},{\"type\":\"grid_item\",\"props\":{\"image\":\"wp-content\\\/uploads\\\/IMG_6907-scaled.jpg\",\"link\":\"fr\\\/index.php?page_id=7499\",\"title\":\"KIT \\u00c9L\\u00c9VATEUR \"}}]}]}]}]},{\"type\":\"section\",\"props\":{\"image_position\":\"center-center\",\"padding\":\"small\",\"padding_remove_bottom\":true,\"style\":\"muted\",\"title_breakpoint\":\"xl\",\"title_position\":\"top-left\",\"title_rotation\":\"left\",\"vertical_align\":\"\",\"width\":\"large\"},\"children\":[{\"type\":\"row\",\"props\":{\"layout\":\"1-3,2-3\"},\"children\":[{\"type\":\"column\",\"props\":{\"image_position\":\"center-center\",\"position_sticky_breakpoint\":\"m\",\"width_medium\":\"1-3\"},\"children\":[{\"type\":\"image\",\"props\":{\"image\":\"wp-content\\\/uploads\\\/hand-sicma-level.png\",\"image_svg_color\":\"emphasis\",\"image_width\":\"250\",\"margin\":\"default\",\"text_align\":\"center\"}}]},{\"type\":\"column\",\"props\":{\"image_position\":\"center-center\",\"position_sticky_breakpoint\":\"m\",\"width_medium\":\"2-3\"},\"children\":[{\"type\":\"headline\",\"props\":{\"content\":\"<span style=\\\"color: #f8c400;\\\">Technologie Avanc\\u00e9e pour la R\\u00e9colte des Olives, Noix, Amandes et Fruits Suspendus<\\\/span>\",\"text_align\":\"center\",\"title_element\":\"h1\"}},{\"type\":\"text\",\"props\":{\"column_breakpoint\":\"m\",\"content\":\"\n\n<p>Technologie et Innovation MADE IN ITALY<\\\/p>\",\"margin\":\"default\",\"text_align\":\"center\",\"text_color\":\"success\",\"text_style\":\"large\"}}]}]},{\"type\":\"row\",\"props\":{\"layout\":\"1-4,1-4,1-4,1-4|1-2,1-2,1-2,1-2\",\"width\":\"expand\"},\"children\":[{\"type\":\"column\",\"props\":{\"image_position\":\"center-center\",\"position_sticky_breakpoint\":\"m\",\"width_medium\":\"1-4\",\"width_small\":\"1-2\"},\"children\":[{\"type\":\"headline\",\"props\":{\"content\":\"SOCI\\u00c9T\\u00c9\",\"title_color\":\"success\",\"title_element\":\"h4\"}},{\"type\":\"list\",\"props\":{\"column_breakpoint\":\"m\",\"content_style\":\"h6\",\"image_align\":\"left\",\"image_svg_color\":\"emphasis\",\"image_vertical_align\":true,\"list_element\":\"ul\",\"list_horizontal_separator\":\", \",\"list_type\":\"vertical\",\"show_image\":true,\"show_link\":true},\"children\":[{\"type\":\"list_item\",\"props\":{\"content\":\"SOCI\\u00c9T\\u00c9\",\"link\":\"fr\\\/index.php?page_id=7195\"}},{\"type\":\"list_item\",\"props\":{\"content\":\"MISSION\",\"link\":\"fr\\\/index.php?page_id=7226\"}},{\"type\":\"list_item\",\"props\":{\"content\":\"EXP\\u00c9RIENCES\",\"link\":\"fr\\\/index.php?page_id=7206\"}},{\"type\":\"list_item\",\"props\":{\"content\":\"GAMME\",\"link\":\"fr\\\/index.php?page_id=7218\"}}]}]},{\"type\":\"column\",\"props\":{\"image_position\":\"center-center\",\"position_sticky_breakpoint\":\"m\",\"width_medium\":\"1-4\",\"width_small\":\"1-2\"},\"children\":[{\"type\":\"headline\",\"props\":{\"content\":\"LES MACHINES\",\"link\":\"fr\\\/index.php?page_id=7257\",\"title_color\":\"success\",\"title_element\":\"h4\"}},{\"type\":\"list\",\"props\":{\"column_breakpoint\":\"m\",\"content_style\":\"h6\",\"image_align\":\"left\",\"image_svg_color\":\"emphasis\",\"image_vertical_align\":true,\"list_element\":\"ul\",\"list_horizontal_separator\":\", \",\"list_type\":\"vertical\",\"show_image\":true,\"show_link\":true},\"children\":[{\"type\":\"list_item\",\"props\":{\"content\":\"AUTOMOTRICES\",\"link\":\"fr\\\/index.php?page_id=7283\"}},{\"type\":\"list_item\",\"props\":{\"content\":\"APPLICATIONS SUR TRACTEUR\",\"link\":\"fr\\\/index.php?page_id=7274\"}},{\"type\":\"list_item\",\"props\":{\"content\":\"SOLUTIONS ALTERNATIVES\",\"link\":\"fr\\\/index.php?page_id=7290\"}}]}]},{\"type\":\"column\",\"props\":{\"image_position\":\"center-center\",\"position_sticky_breakpoint\":\"m\",\"width_medium\":\"1-4\",\"width_small\":\"1-2\"},\"children\":[{\"type\":\"headline\",\"props\":{\"content\":\"SERVICES\",\"title_color\":\"success\",\"title_element\":\"h4\"}},{\"type\":\"list\",\"props\":{\"column_breakpoint\":\"m\",\"content_style\":\"h6\",\"image_align\":\"left\",\"image_svg_color\":\"emphasis\",\"image_vertical_align\":true,\"list_element\":\"ul\",\"list_horizontal_separator\":\", \",\"list_type\":\"vertical\",\"show_image\":true,\"show_link\":true},\"children\":[{\"type\":\"list_item\",\"props\":{\"content\":\"PI\\u00c8CES DE RECHANGE & SERVICE APR\\u00c8S-VENTE\",\"link\":\"fr\\\/index.php?page_id=7301\"}},{\"type\":\"list_item\",\"props\":{\"content\":\"OCCASION\",\"link\":\"fr\\\/index.php?page_id=7311\"}}]}]},{\"type\":\"column\",\"props\":{\"image_position\":\"center-center\",\"position_sticky_breakpoint\":\"m\",\"width_medium\":\"1-4\",\"width_small\":\"1-2\"},\"children\":[{\"type\":\"headline\",\"props\":{\"content\":\"CONCESSIONNAIRES\",\"title_color\":\"success\",\"title_element\":\"h4\"}},{\"type\":\"list\",\"props\":{\"column_breakpoint\":\"m\",\"content_style\":\"h6\",\"image_align\":\"left\",\"image_svg_color\":\"emphasis\",\"image_vertical_align\":true,\"list_element\":\"ul\",\"list_horizontal_separator\":\", \",\"list_type\":\"vertical\",\"show_image\":true,\"show_link\":true},\"children\":[{\"type\":\"list_item\",\"props\":{\"content\":\"ITALIE\",\"link\":\"fr\\\/index.php?page_id=7247\"}},{\"type\":\"list_item\",\"props\":{\"content\":\"RESTE DU MONDE\",\"link\":\"fr\\\/index.php?page_id=7238\"}}]}]}]},{\"type\":\"row\",\"children\":[{\"type\":\"column\",\"props\":{\"image_position\":\"center-center\",\"position_sticky_breakpoint\":\"m\"},\"children\":[{\"type\":\"text\",\"props\":{\"column_breakpoint\":\"m\",\"content\":\"[widgetkit id=\\\"18\\\"]\",\"margin\":\"default\"}}]}]}],\"name\":\"Footer FR\"}],\"version\":\"4.5.11\"} --><\/p>\n","protected":false},"excerpt":{"rendered":"<p>SOLUTIONS ALTERNATIVES NOS SOLUTIONS DE R\u00c9COLTE KIT MINI EXCAVATRICE DECOUVREZ PLUS KIT MINI PELLE DECOUVREZ PLUS KIT \u00c9L\u00c9VATEUR DECOUVREZ PLUS Technologie Avanc\u00e9e pour la R\u00e9colte des Olives, Noix, Amandes et Fruits Suspendus Technologie et Innovation MADE IN ITALY SOCI\u00c9T\u00c9 SOCI\u00c9T\u00c9 MISSION EXP\u00c9RIENCES GAMME LES MACHINES AUTOMOTRICES APPLICATIONS SUR TRACTEUR SOLUTIONS ALTERNATIVES SERVICES PI\u00c8CES DE RECHANGE [&hellip;]<\/p>\n","protected":false},"author":1,"featured_media":0,"parent":7257,"menu_order":0,"comment_status":"closed","ping_status":"closed","template":"","meta":{"_monsterinsights_skip_tracking":false,"_monsterinsights_sitenote_active":false,"_monsterinsights_sitenote_note":"","_monsterinsights_sitenote_category":0,"footnotes":""},"class_list":["post-7290","page","type-page","status-publish","hentry"],"yoast_head":"<!-- This site is optimized with the Yoast SEO plugin v27.4 - https:\/\/yoast.com\/product\/yoast-seo-wordpress\/ -->\n<title>Solutions Alternatives &#8211; Sicma<\/title>\n<meta name=\"robots\" content=\"index, follow, max-snippet:-1, max-image-preview:large, max-video-preview:-1\" \/>\n<link rel=\"canonical\" href=\"https:\/\/www.sicmasrl.com\/le-macchine\/soluzioni-alternative\/\" \/>\n<meta property=\"og:locale\" content=\"fr_FR\" \/>\n<meta property=\"og:type\" content=\"article\" \/>\n<meta property=\"og:title\" content=\"Solutions Alternatives &#8211; Sicma\" \/>\n<meta property=\"og:description\" content=\"SOLUTIONS ALTERNATIVES NOS SOLUTIONS DE R\u00c9COLTE KIT MINI EXCAVATRICE DECOUVREZ PLUS KIT MINI PELLE DECOUVREZ PLUS KIT \u00c9L\u00c9VATEUR DECOUVREZ PLUS Technologie Avanc\u00e9e pour la R\u00e9colte des Olives, Noix, Amandes et Fruits Suspendus Technologie et Innovation MADE IN ITALY SOCI\u00c9T\u00c9 SOCI\u00c9T\u00c9 MISSION EXP\u00c9RIENCES GAMME LES MACHINES AUTOMOTRICES APPLICATIONS SUR TRACTEUR SOLUTIONS ALTERNATIVES SERVICES PI\u00c8CES DE RECHANGE [&hellip;]\" \/>\n<meta property=\"og:url\" content=\"https:\/\/www.sicmasrl.com\/le-macchine\/soluzioni-alternative\/\" \/>\n<meta property=\"og:site_name\" content=\"Sicma\" \/>\n<meta property=\"article:publisher\" content=\"https:\/\/www.facebook.com\/pages\/Sicma-srl\/390677237677820?fref=ts\" \/>\n<meta property=\"article:modified_time\" content=\"2025-05-23T10:10:20+00:00\" \/>\n<meta property=\"og:image\" content=\"https:\/\/www.sicmasrl.com\/wp-content\/uploads\/IMG_9141-scaled.jpg\" \/>\n\t<meta property=\"og:image:width\" content=\"2560\" \/>\n\t<meta property=\"og:image:height\" content=\"1920\" \/>\n\t<meta property=\"og:image:type\" content=\"image\/jpeg\" \/>\n<meta name=\"twitter:card\" content=\"summary_large_image\" \/>\n<script type=\"application\/ld+json\" class=\"yoast-schema-graph\">{\"@context\":\"https:\\\/\\\/schema.org\",\"@graph\":[{\"@type\":\"WebPage\",\"@id\":\"https:\\\/\\\/www.sicmasrl.com\\\/le-macchine\\\/soluzioni-alternative\\\/\",\"url\":\"https:\\\/\\\/www.sicmasrl.com\\\/le-macchine\\\/soluzioni-alternative\\\/\",\"name\":\"Solutions Alternatives &#8211; Sicma\",\"isPartOf\":{\"@id\":\"https:\\\/\\\/www.sicmasrl.com\\\/#website\"},\"datePublished\":\"2020-07-23T08:51:16+00:00\",\"dateModified\":\"2025-05-23T10:10:20+00:00\",\"breadcrumb\":{\"@id\":\"https:\\\/\\\/www.sicmasrl.com\\\/le-macchine\\\/soluzioni-alternative\\\/#breadcrumb\"},\"inLanguage\":\"fr-FR\",\"potentialAction\":[{\"@type\":\"ReadAction\",\"target\":[\"https:\\\/\\\/www.sicmasrl.com\\\/le-macchine\\\/soluzioni-alternative\\\/\"]}]},{\"@type\":\"BreadcrumbList\",\"@id\":\"https:\\\/\\\/www.sicmasrl.com\\\/le-macchine\\\/soluzioni-alternative\\\/#breadcrumb\",\"itemListElement\":[{\"@type\":\"ListItem\",\"position\":1,\"name\":\"Home\",\"item\":\"https:\\\/\\\/www.sicmasrl.com\\\/es\\\/\"},{\"@type\":\"ListItem\",\"position\":2,\"name\":\"Les machines\",\"item\":\"https:\\\/\\\/www.sicmasrl.com\\\/es\\\/las-maquinas\\\/\"},{\"@type\":\"ListItem\",\"position\":3,\"name\":\"Solutions Alternatives\"}]},{\"@type\":\"WebSite\",\"@id\":\"https:\\\/\\\/www.sicmasrl.com\\\/#website\",\"url\":\"https:\\\/\\\/www.sicmasrl.com\\\/\",\"name\":\"Sicma Srl\",\"description\":\"\",\"publisher\":{\"@id\":\"https:\\\/\\\/www.sicmasrl.com\\\/#organization\"},\"potentialAction\":[{\"@type\":\"SearchAction\",\"target\":{\"@type\":\"EntryPoint\",\"urlTemplate\":\"https:\\\/\\\/www.sicmasrl.com\\\/?s={search_term_string}\"},\"query-input\":{\"@type\":\"PropertyValueSpecification\",\"valueRequired\":true,\"valueName\":\"search_term_string\"}}],\"inLanguage\":\"fr-FR\"},{\"@type\":\"Organization\",\"@id\":\"https:\\\/\\\/www.sicmasrl.com\\\/#organization\",\"name\":\"Sicma Srl\",\"url\":\"https:\\\/\\\/www.sicmasrl.com\\\/\",\"logo\":{\"@type\":\"ImageObject\",\"inLanguage\":\"fr-FR\",\"@id\":\"https:\\\/\\\/www.sicmasrl.com\\\/#\\\/schema\\\/logo\\\/image\\\/\",\"url\":\"https:\\\/\\\/www.sicmasrl.com\\\/wp-content\\\/uploads\\\/logo-sicma-green.png\",\"contentUrl\":\"https:\\\/\\\/www.sicmasrl.com\\\/wp-content\\\/uploads\\\/logo-sicma-green.png\",\"width\":1346,\"height\":629,\"caption\":\"Sicma Srl\"},\"image\":{\"@id\":\"https:\\\/\\\/www.sicmasrl.com\\\/#\\\/schema\\\/logo\\\/image\\\/\"},\"sameAs\":[\"https:\\\/\\\/www.facebook.com\\\/pages\\\/Sicma-srl\\\/390677237677820?fref=ts\",\"https:\\\/\\\/www.instagram.com\\\/sicma_srl\\\/\",\"https:\\\/\\\/www.youtube.com\\\/channel\\\/UCIYRcq8zT6jpF2xwf9-fXng\"]}]}<\/script>\n<!-- \/ Yoast SEO plugin. -->","yoast_head_json":{"title":"Solutions Alternatives &#8211; Sicma","robots":{"index":"index","follow":"follow","max-snippet":"max-snippet:-1","max-image-preview":"max-image-preview:large","max-video-preview":"max-video-preview:-1"},"canonical":"https:\/\/www.sicmasrl.com\/le-macchine\/soluzioni-alternative\/","og_locale":"fr_FR","og_type":"article","og_title":"Solutions Alternatives &#8211; Sicma","og_description":"SOLUTIONS ALTERNATIVES NOS SOLUTIONS DE R\u00c9COLTE KIT MINI EXCAVATRICE DECOUVREZ PLUS KIT MINI PELLE DECOUVREZ PLUS KIT \u00c9L\u00c9VATEUR DECOUVREZ PLUS Technologie Avanc\u00e9e pour la R\u00e9colte des Olives, Noix, Amandes et Fruits Suspendus Technologie et Innovation MADE IN ITALY SOCI\u00c9T\u00c9 SOCI\u00c9T\u00c9 MISSION EXP\u00c9RIENCES GAMME LES MACHINES AUTOMOTRICES APPLICATIONS SUR TRACTEUR SOLUTIONS ALTERNATIVES SERVICES PI\u00c8CES DE RECHANGE [&hellip;]","og_url":"https:\/\/www.sicmasrl.com\/le-macchine\/soluzioni-alternative\/","og_site_name":"Sicma","article_publisher":"https:\/\/www.facebook.com\/pages\/Sicma-srl\/390677237677820?fref=ts","article_modified_time":"2025-05-23T10:10:20+00:00","og_image":[{"width":2560,"height":1920,"url":"https:\/\/www.sicmasrl.com\/wp-content\/uploads\/IMG_9141-scaled.jpg","type":"image\/jpeg"}],"twitter_card":"summary_large_image","schema":{"@context":"https:\/\/schema.org","@graph":[{"@type":"WebPage","@id":"https:\/\/www.sicmasrl.com\/le-macchine\/soluzioni-alternative\/","url":"https:\/\/www.sicmasrl.com\/le-macchine\/soluzioni-alternative\/","name":"Solutions Alternatives &#8211; Sicma","isPartOf":{"@id":"https:\/\/www.sicmasrl.com\/#website"},"datePublished":"2020-07-23T08:51:16+00:00","dateModified":"2025-05-23T10:10:20+00:00","breadcrumb":{"@id":"https:\/\/www.sicmasrl.com\/le-macchine\/soluzioni-alternative\/#breadcrumb"},"inLanguage":"fr-FR","potentialAction":[{"@type":"ReadAction","target":["https:\/\/www.sicmasrl.com\/le-macchine\/soluzioni-alternative\/"]}]},{"@type":"BreadcrumbList","@id":"https:\/\/www.sicmasrl.com\/le-macchine\/soluzioni-alternative\/#breadcrumb","itemListElement":[{"@type":"ListItem","position":1,"name":"Home","item":"https:\/\/www.sicmasrl.com\/es\/"},{"@type":"ListItem","position":2,"name":"Les machines","item":"https:\/\/www.sicmasrl.com\/es\/las-maquinas\/"},{"@type":"ListItem","position":3,"name":"Solutions Alternatives"}]},{"@type":"WebSite","@id":"https:\/\/www.sicmasrl.com\/#website","url":"https:\/\/www.sicmasrl.com\/","name":"Sicma Srl","description":"","publisher":{"@id":"https:\/\/www.sicmasrl.com\/#organization"},"potentialAction":[{"@type":"SearchAction","target":{"@type":"EntryPoint","urlTemplate":"https:\/\/www.sicmasrl.com\/?s={search_term_string}"},"query-input":{"@type":"PropertyValueSpecification","valueRequired":true,"valueName":"search_term_string"}}],"inLanguage":"fr-FR"},{"@type":"Organization","@id":"https:\/\/www.sicmasrl.com\/#organization","name":"Sicma Srl","url":"https:\/\/www.sicmasrl.com\/","logo":{"@type":"ImageObject","inLanguage":"fr-FR","@id":"https:\/\/www.sicmasrl.com\/#\/schema\/logo\/image\/","url":"https:\/\/www.sicmasrl.com\/wp-content\/uploads\/logo-sicma-green.png","contentUrl":"https:\/\/www.sicmasrl.com\/wp-content\/uploads\/logo-sicma-green.png","width":1346,"height":629,"caption":"Sicma Srl"},"image":{"@id":"https:\/\/www.sicmasrl.com\/#\/schema\/logo\/image\/"},"sameAs":["https:\/\/www.facebook.com\/pages\/Sicma-srl\/390677237677820?fref=ts","https:\/\/www.instagram.com\/sicma_srl\/","https:\/\/www.youtube.com\/channel\/UCIYRcq8zT6jpF2xwf9-fXng"]}]}},"_links":{"self":[{"href":"https:\/\/www.sicmasrl.com\/fr\/wp-json\/wp\/v2\/pages\/7290","targetHints":{"allow":["GET"]}}],"collection":[{"href":"https:\/\/www.sicmasrl.com\/fr\/wp-json\/wp\/v2\/pages"}],"about":[{"href":"https:\/\/www.sicmasrl.com\/fr\/wp-json\/wp\/v2\/types\/page"}],"author":[{"embeddable":true,"href":"https:\/\/www.sicmasrl.com\/fr\/wp-json\/wp\/v2\/users\/1"}],"replies":[{"embeddable":true,"href":"https:\/\/www.sicmasrl.com\/fr\/wp-json\/wp\/v2\/comments?post=7290"}],"version-history":[{"count":5,"href":"https:\/\/www.sicmasrl.com\/fr\/wp-json\/wp\/v2\/pages\/7290\/revisions"}],"predecessor-version":[{"id":13992,"href":"https:\/\/www.sicmasrl.com\/fr\/wp-json\/wp\/v2\/pages\/7290\/revisions\/13992"}],"up":[{"embeddable":true,"href":"https:\/\/www.sicmasrl.com\/fr\/wp-json\/wp\/v2\/pages\/7257"}],"wp:attachment":[{"href":"https:\/\/www.sicmasrl.com\/fr\/wp-json\/wp\/v2\/media?parent=7290"}],"curies":[{"name":"wp","href":"https:\/\/api.w.org\/{rel}","templated":true}]}}