{"id":7297,"date":"2020-05-04T14:58:00","date_gmt":"2020-05-04T14:58:00","guid":{"rendered":"https:\/\/www.sicmasrl.com\/service\/"},"modified":"2020-09-23T06:00:48","modified_gmt":"2020-09-23T06:00:48","slug":"services","status":"publish","type":"page","link":"https:\/\/www.sicmasrl.com\/fr\/services\/","title":{"rendered":"Services"},"content":{"rendered":"<h2>SERVICES<\/h2>\n<p><img decoding=\"async\" data-src=\"\/wp-content\/uploads\/hand-sicma-level.png\" alt=\"\" src=\"data:image\/svg+xml;base64,PHN2ZyB3aWR0aD0iMSIgaGVpZ2h0PSIxIiB4bWxucz0iaHR0cDovL3d3dy53My5vcmcvMjAwMC9zdmciPjwvc3ZnPg==\" class=\"lazyload\" style=\"--smush-placeholder-width: 946px; --smush-placeholder-aspect-ratio: 946\/824;\"><\/p>\n<h1><span style=\"color: #f8c400;\">Technologie Avanc\u00e9e pour la R\u00e9colte des Olives, Noix, Amandes et Fruits Suspendus<\/span><\/h1>\n<div>\n<p>Technologie et Innovation MADE IN ITALY<\/p>\n<\/div>\n<h4>SOCI\u00c9T\u00c9<\/h4>\n<ul>\n<li>\n<p><a href=\"\/fr\/index.php?page_id=7195\">SOCI\u00c9T\u00c9<\/a><\/p>\n<\/li>\n<li>\n<p><a href=\"\/fr\/index.php?page_id=7226\">MISSION<\/a><\/p>\n<\/li>\n<li>\n<p><a href=\"\/fr\/index.php?page_id=7206\">EXP\u00c9RIENCES<\/a><\/p>\n<\/li>\n<li>\n<p><a href=\"\/fr\/index.php?page_id=7218\">GAMME<\/a><\/p>\n<\/li>\n<\/ul>\n<h4><a href=\"\/fr\/index.php?page_id=7257\">LES MACHINES<\/a><\/h4>\n<ul>\n<li>\n<p><a href=\"\/fr\/index.php?page_id=7283\">AUTOMOTRICES<\/a><\/p>\n<\/li>\n<li>\n<p><a href=\"\/fr\/index.php?page_id=7274\">APPLICATIONS SUR TRACTEUR<\/a><\/p>\n<\/li>\n<li>\n<p><a href=\"\/fr\/index.php?page_id=7290\">SOLUTIONS ALTERNATIVES<\/a><\/p>\n<\/li>\n<\/ul>\n<h4>SERVICES<\/h4>\n<ul>\n<li>\n<p><a href=\"\/fr\/index.php?page_id=7301\">PI\u00c8CES DE RECHANGE &#038; SERVICE APR\u00c8S-VENTE<\/a><\/p>\n<\/li>\n<li>\n<p><a href=\"\/fr\/index.php?page_id=7311\">OCCASION<\/a><\/p>\n<\/li>\n<\/ul>\n<h4>CONCESSIONNAIRES<\/h4>\n<ul>\n<li>\n<p><a href=\"\/fr\/index.php?page_id=7247\">ITALIE<\/a><\/p>\n<\/li>\n<li>\n<p><a href=\"\/fr\/index.php?page_id=7238\">RESTE DU MONDE<\/a><\/p>\n<\/li>\n<\/ul>\n<div>\n\n    <div id=\"wk-grid21e\" class=\"uk-child-width-1-1 uk-child-width-1-2@s uk-child-width-1-2@m uk-child-width-1-2@l uk-child-width-1-2@xl uk-grid-large uk-grid-match uk-text-center \" uk-height-match=\"target: &gt; div &gt; .uk-panel, &gt; div &gt; .uk-card; row: true\" uk-grid >\n\n    \n        <div >\n            <div class=\"uk-panel\">\n\n                \n                \n                \n                \n                    \n                        \n                        \n                        \n                        \n                                                <div class=\"uk-margin\"><p style=\"text-align: right;\"><em>SICMA S.r.l. di Carchedi Francesco<\/em><p>\n<p style=\"text-align: right;\">Localit\u00e0 Callipo Zona Industriale<br \/>\n    88022 Acconia di Curinga (CZ) - Italy<br \/>\n    VAT #01805340799<\/p>\n<p><\/p>\n<ul class=\"uk-subnav uk-flex-right\">\n<li style=\"list-style-type: none;\">\n<ul class=\"uk-subnav uk-flex-right\">\n<li style=\"list-style-type: none;\">\n<ul class=\"uk-subnav uk-flex-right\">\n<li>\n<ul class=\"uk-subnav uk-flex-right\">\n<li><strong><span style=\"text-decoration: underline;\"><a href=\"\/fr\/index.php?page_id=7649\">PRIVACY e COOKIE POLICY<\/a><\/span> - <span style=\"text-decoration: underline;\"><a href=\"\/fr\/index.php?page_id=7646\">DATI SOCIETARI<\/a><\/span><\/strong><\/li>\n<li>\u00a0<\/li>\n<li style=\"text-align: right;\"><span style=\"color: #0000ff;\"><em>Copyright \u00a9 2020<br \/>Powered by INDO SRLS<\/em><\/span><\/li>\n<\/ul>\n<\/li>\n<\/ul>\n<\/li>\n<\/ul>\n<\/li>\n<\/ul><\/div>\n                        \n                        \n                        \n                    \n                \n            <\/div>\n        <\/div>\n\n    \n        <div >\n            <div class=\"uk-panel\">\n\n                \n                \n                \n                \n                    \n                        \n                        \n                        \n                        \n                                                <div class=\"uk-margin\"><p style=\"text-align: left;\"><strong>CONTACTS<\/strong><\/p>\n<p style=\"text-align: left;\"><strong>Tel.<\/strong> <a href=\"tel:+39096878240\">+39 0968 78240<\/a><\/p>\n<p style=\"text-align: left;\"><a class=\"verdanaLINK\" href=\"mailto:info@sicmasrl.com\"><b>info@sicmasrl.com<\/b><\/a><\/p>\n<p style=\"text-align: left;\">\n<a href=\"https:\/\/www.facebook.com\/pages\/Sicma-srl\/390677237677820?fref=ts\" class=\"uk-icon-link uk-icon social-footer\" target=\"_blank\" uk-icon=\"facebook\"><\/a> &nbsp; \n<a href=\"https:\/\/www.youtube.com\/channel\/UCIYRcq8zT6jpF2xwf9-fXng\" class=\"uk-icon-link uk-icon social-footer\" target=\"_blank\" uk-icon=\"youtube\"><\/a> &nbsp; \n<a href=\"https:\/\/www.instagram.com\/sicma_srl\/\" class=\"uk-icon-link uk-icon social-footer\" target=\"_blank\" uk-icon=\"instagram\"><\/a> &nbsp; \n<a href=\"https:\/\/api.whatsapp.com\/send?phone=+393388316052\" class=\"uk-icon-link uk-icon social-footer\" target=\"_blank\" uk-icon=\"whatsapp\"><\/a> &nbsp; \n<a href=\"viber:\/\/chat?number=%2B393388316052\" target=\"_blank\" rel=\"viber:\/\/chat?number=%2B393388316052\"><img decoding=\"async\" data-src=\"https:\/\/sicmasrl.com\/wp-content\/uploads\/viber.svg\" alt=\"\" class=\"wp-image-3166 lazyload\" width=\"20\" height=\"20\" src=\"data:image\/svg+xml;base64,PHN2ZyB3aWR0aD0iMSIgaGVpZ2h0PSIxIiB4bWxucz0iaHR0cDovL3d3dy53My5vcmcvMjAwMC9zdmciPjwvc3ZnPg==\" style=\"--smush-placeholder-width: 20px; --smush-placeholder-aspect-ratio: 20\/20;\" \/><\/a>\n<\/p><\/div>\n                        \n                        \n                        \n                    \n                \n            <\/div>\n        <\/div>\n\n    \n    <\/div>\n\n<\/div>\n<p><!-- {\"name\":\"LE MACCHINE\",\"type\":\"layout\",\"children\":[{\"type\":\"section\",\"props\":{\"style\":\"muted\",\"width\":\"default\",\"vertical_align\":\"middle\",\"title_position\":\"top-left\",\"title_rotation\":\"left\",\"title_breakpoint\":\"xl\",\"image_position\":\"center-center\",\"padding\":\"xlarge\",\"header_transparent\":\"dark\",\"image\":\"wp-content\\\/uploads\\\/le-macchine-scaled.jpg\",\"image_size\":\"cover\",\"media_overlay\":\"rgba(251, 249, 249, 0.6)\",\"header_transparent_noplaceholder\":true},\"children\":[{\"type\":\"row\",\"children\":[{\"type\":\"column\",\"props\":{\"image_position\":\"center-center\",\"media_overlay_gradient\":\"\",\"width_medium\":\"1-1\"},\"children\":[{\"type\":\"headline\",\"props\":{\"title_element\":\"h2\",\"title_style\":\"heading-medium\",\"title_color\":\"background\",\"margin\":\"xlarge\",\"text_align\":\"center\",\"content\":\"SERVICES\"}}]}]}]},{\"type\":\"section\",\"props\":{\"style\":\"muted\",\"width\":\"default\",\"vertical_align\":\"middle\",\"title_position\":\"top-left\",\"title_rotation\":\"left\",\"title_breakpoint\":\"xl\",\"image_position\":\"center-center\",\"padding_remove_bottom\":true,\"padding\":\"small\"},\"children\":[{\"type\":\"row\",\"props\":{\"layout\":\"1-3,2-3\"},\"children\":[{\"type\":\"column\",\"props\":{\"image_position\":\"center-center\",\"media_overlay_gradient\":\"\",\"width_medium\":\"1-3\"},\"children\":[{\"type\":\"image\",\"props\":{\"margin\":\"default\",\"image_svg_color\":\"emphasis\",\"image\":\"wp-content\\\/uploads\\\/hand-sicma-level.png\",\"image_width\":\"250\",\"text_align\":\"center\"}}]},{\"type\":\"column\",\"props\":{\"image_position\":\"center-center\",\"media_overlay_gradient\":\"\",\"width_medium\":\"2-3\"},\"children\":[{\"type\":\"headline\",\"props\":{\"title_element\":\"h1\",\"content\":\"<span style=\\\"color: #f8c400;\\\">Technologie Avanc\\u00e9e pour la R\\u00e9colte des Olives, Noix, Amandes et Fruits Suspendus<\\\/span>\",\"text_align\":\"center\"}},{\"type\":\"text\",\"props\":{\"margin\":\"default\",\"column_breakpoint\":\"m\",\"content\":\"\n\n<p>Technologie et Innovation MADE IN ITALY<\\\/p>\",\"text_size\":\"large\",\"text_color\":\"success\",\"text_align\":\"center\"}}]}]},{\"type\":\"row\",\"props\":{\"layout\":\"1-4,1-4,1-4,1-4|1-2,1-2,1-2,1-2\",\"width\":\"expand\"},\"children\":[{\"type\":\"column\",\"props\":{\"image_position\":\"center-center\",\"media_overlay_gradient\":\"\",\"width_medium\":\"1-4\",\"width_small\":\"1-2\"},\"children\":[{\"type\":\"headline\",\"props\":{\"title_element\":\"h4\",\"content\":\"SOCI\\u00c9T\\u00c9\",\"title_color\":\"success\"}},{\"type\":\"list\",\"props\":{\"show_image\":true,\"show_link\":true,\"list_element\":\"ul\",\"column_breakpoint\":\"m\",\"image_svg_color\":\"emphasis\",\"image_align\":\"left\",\"image_vertical_align\":true,\"content_style\":\"h6\"},\"children\":[{\"type\":\"list_item\",\"props\":{\"content\":\"SOCI\\u00c9T\\u00c9\",\"link\":\"fr\\\/index.php?page_id=7195\"}},{\"type\":\"list_item\",\"props\":{\"content\":\"MISSION\",\"link\":\"fr\\\/index.php?page_id=7226\"}},{\"type\":\"list_item\",\"props\":{\"content\":\"EXP\\u00c9RIENCES\",\"link\":\"fr\\\/index.php?page_id=7206\"}},{\"type\":\"list_item\",\"props\":{\"content\":\"GAMME\",\"link\":\"fr\\\/index.php?page_id=7218\"}}]}]},{\"type\":\"column\",\"props\":{\"image_position\":\"center-center\",\"media_overlay_gradient\":\"\",\"width_medium\":\"1-4\",\"width_small\":\"1-2\"},\"children\":[{\"type\":\"headline\",\"props\":{\"title_element\":\"h4\",\"content\":\"LES MACHINES\",\"title_color\":\"success\",\"link\":\"fr\\\/index.php?page_id=7257\"}},{\"type\":\"list\",\"props\":{\"show_image\":true,\"show_link\":true,\"list_element\":\"ul\",\"column_breakpoint\":\"m\",\"image_svg_color\":\"emphasis\",\"image_align\":\"left\",\"image_vertical_align\":true,\"content_style\":\"h6\"},\"children\":[{\"type\":\"list_item\",\"props\":{\"content\":\"AUTOMOTRICES\",\"link\":\"fr\\\/index.php?page_id=7283\"}},{\"type\":\"list_item\",\"props\":{\"content\":\"APPLICATIONS SUR TRACTEUR\",\"link\":\"fr\\\/index.php?page_id=7274\"}},{\"type\":\"list_item\",\"props\":{\"content\":\"SOLUTIONS ALTERNATIVES\",\"link\":\"fr\\\/index.php?page_id=7290\"}}]}]},{\"type\":\"column\",\"props\":{\"image_position\":\"center-center\",\"media_overlay_gradient\":\"\",\"width_medium\":\"1-4\",\"width_small\":\"1-2\"},\"children\":[{\"type\":\"headline\",\"props\":{\"title_element\":\"h4\",\"content\":\"SERVICES\",\"title_color\":\"success\"}},{\"type\":\"list\",\"props\":{\"show_image\":true,\"show_link\":true,\"list_element\":\"ul\",\"column_breakpoint\":\"m\",\"image_svg_color\":\"emphasis\",\"image_align\":\"left\",\"image_vertical_align\":true,\"content_style\":\"h6\"},\"children\":[{\"type\":\"list_item\",\"props\":{\"content\":\"PI\\u00c8CES DE RECHANGE & SERVICE APR\\u00c8S-VENTE\",\"link\":\"fr\\\/index.php?page_id=7301\"}},{\"type\":\"list_item\",\"props\":{\"content\":\"OCCASION\",\"link\":\"fr\\\/index.php?page_id=7311\"}}]}]},{\"type\":\"column\",\"props\":{\"image_position\":\"center-center\",\"media_overlay_gradient\":\"\",\"width_medium\":\"1-4\",\"width_small\":\"1-2\"},\"children\":[{\"type\":\"headline\",\"props\":{\"title_element\":\"h4\",\"content\":\"CONCESSIONNAIRES\",\"title_color\":\"success\"}},{\"type\":\"list\",\"props\":{\"show_image\":true,\"show_link\":true,\"list_element\":\"ul\",\"column_breakpoint\":\"m\",\"image_svg_color\":\"emphasis\",\"image_align\":\"left\",\"image_vertical_align\":true,\"content_style\":\"h6\"},\"children\":[{\"type\":\"list_item\",\"props\":{\"content\":\"ITALIE\",\"link\":\"fr\\\/index.php?page_id=7247\"}},{\"type\":\"list_item\",\"props\":{\"content\":\"RESTE DU MONDE\",\"link\":\"fr\\\/index.php?page_id=7238\"}}]}]}]},{\"type\":\"row\",\"children\":[{\"type\":\"column\",\"props\":{\"image_position\":\"center-center\",\"media_overlay_gradient\":\"\"},\"children\":[{\"type\":\"text\",\"props\":{\"margin\":\"default\",\"column_breakpoint\":\"m\",\"content\":\"[widgetkit id=\\\"18\\\"]\"}}]}]}],\"name\":\"Footer FR\"}],\"version\":\"2.1.2\"} --><\/p>\n","protected":false},"excerpt":{"rendered":"<p>SERVICES Technologie Avanc\u00e9e pour la R\u00e9colte des Olives, Noix, Amandes et Fruits Suspendus Technologie et Innovation MADE IN ITALY SOCI\u00c9T\u00c9 SOCI\u00c9T\u00c9 MISSION EXP\u00c9RIENCES GAMME LES MACHINES AUTOMOTRICES APPLICATIONS SUR TRACTEUR SOLUTIONS ALTERNATIVES SERVICES PI\u00c8CES DE RECHANGE &#038; SERVICE APR\u00c8S-VENTE OCCASION CONCESSIONNAIRES ITALIE RESTE DU MONDE<\/p>\n","protected":false},"author":1,"featured_media":0,"parent":0,"menu_order":0,"comment_status":"closed","ping_status":"closed","template":"","meta":{"_monsterinsights_skip_tracking":false,"_monsterinsights_sitenote_active":false,"_monsterinsights_sitenote_note":"","_monsterinsights_sitenote_category":0,"footnotes":""},"class_list":["post-7297","page","type-page","status-publish","hentry"],"yoast_head":"<!-- This site is optimized with the Yoast SEO plugin v27.2 - https:\/\/yoast.com\/product\/yoast-seo-wordpress\/ -->\n<title>Services &#8211; Sicma<\/title>\n<meta name=\"robots\" content=\"index, follow, max-snippet:-1, max-image-preview:large, max-video-preview:-1\" \/>\n<link rel=\"canonical\" href=\"https:\/\/www.sicmasrl.com\/fr\/services\/\" \/>\n<meta property=\"og:locale\" content=\"fr_FR\" \/>\n<meta property=\"og:type\" content=\"article\" \/>\n<meta property=\"og:title\" content=\"Services &#8211; Sicma\" \/>\n<meta property=\"og:description\" content=\"SERVICES Technologie Avanc\u00e9e pour la R\u00e9colte des Olives, Noix, Amandes et Fruits Suspendus Technologie et Innovation MADE IN ITALY SOCI\u00c9T\u00c9 SOCI\u00c9T\u00c9 MISSION EXP\u00c9RIENCES GAMME LES MACHINES AUTOMOTRICES APPLICATIONS SUR TRACTEUR SOLUTIONS ALTERNATIVES SERVICES PI\u00c8CES DE RECHANGE &#038; SERVICE APR\u00c8S-VENTE OCCASION CONCESSIONNAIRES ITALIE RESTE DU MONDE\" \/>\n<meta property=\"og:url\" content=\"https:\/\/www.sicmasrl.com\/fr\/services\/\" \/>\n<meta property=\"og:site_name\" content=\"Sicma\" \/>\n<meta property=\"article:publisher\" content=\"https:\/\/www.facebook.com\/pages\/Sicma-srl\/390677237677820?fref=ts\" \/>\n<meta property=\"article:modified_time\" content=\"2020-09-23T06:00:48+00:00\" \/>\n<meta property=\"og:image\" content=\"https:\/\/www.sicmasrl.com\/wp-content\/uploads\/IMG_9141-scaled.jpg\" \/>\n\t<meta property=\"og:image:width\" content=\"2560\" \/>\n\t<meta property=\"og:image:height\" content=\"1920\" \/>\n\t<meta property=\"og:image:type\" content=\"image\/jpeg\" \/>\n<meta name=\"twitter:card\" content=\"summary_large_image\" \/>\n<script type=\"application\/ld+json\" class=\"yoast-schema-graph\">{\"@context\":\"https:\/\/schema.org\",\"@graph\":[{\"@type\":\"WebPage\",\"@id\":\"https:\/\/www.sicmasrl.com\/fr\/services\/\",\"url\":\"https:\/\/www.sicmasrl.com\/fr\/services\/\",\"name\":\"Services &#8211; Sicma\",\"isPartOf\":{\"@id\":\"https:\/\/www.sicmasrl.com\/#website\"},\"datePublished\":\"2020-05-04T14:58:00+00:00\",\"dateModified\":\"2020-09-23T06:00:48+00:00\",\"breadcrumb\":{\"@id\":\"https:\/\/www.sicmasrl.com\/fr\/services\/#breadcrumb\"},\"inLanguage\":\"fr-FR\",\"potentialAction\":[{\"@type\":\"ReadAction\",\"target\":[\"https:\/\/www.sicmasrl.com\/fr\/services\/\"]}]},{\"@type\":\"BreadcrumbList\",\"@id\":\"https:\/\/www.sicmasrl.com\/fr\/services\/#breadcrumb\",\"itemListElement\":[{\"@type\":\"ListItem\",\"position\":1,\"name\":\"Home\",\"item\":\"https:\/\/www.sicmasrl.com\/es\/\"},{\"@type\":\"ListItem\",\"position\":2,\"name\":\"Services\"}]},{\"@type\":\"WebSite\",\"@id\":\"https:\/\/www.sicmasrl.com\/#website\",\"url\":\"https:\/\/www.sicmasrl.com\/\",\"name\":\"Sicma Srl\",\"description\":\"\",\"publisher\":{\"@id\":\"https:\/\/www.sicmasrl.com\/#organization\"},\"potentialAction\":[{\"@type\":\"SearchAction\",\"target\":{\"@type\":\"EntryPoint\",\"urlTemplate\":\"https:\/\/www.sicmasrl.com\/?s={search_term_string}\"},\"query-input\":{\"@type\":\"PropertyValueSpecification\",\"valueRequired\":true,\"valueName\":\"search_term_string\"}}],\"inLanguage\":\"fr-FR\"},{\"@type\":\"Organization\",\"@id\":\"https:\/\/www.sicmasrl.com\/#organization\",\"name\":\"Sicma Srl\",\"url\":\"https:\/\/www.sicmasrl.com\/\",\"logo\":{\"@type\":\"ImageObject\",\"inLanguage\":\"fr-FR\",\"@id\":\"https:\/\/www.sicmasrl.com\/#\/schema\/logo\/image\/\",\"url\":\"https:\/\/www.sicmasrl.com\/wp-content\/uploads\/logo-sicma-green.png\",\"contentUrl\":\"https:\/\/www.sicmasrl.com\/wp-content\/uploads\/logo-sicma-green.png\",\"width\":1346,\"height\":629,\"caption\":\"Sicma Srl\"},\"image\":{\"@id\":\"https:\/\/www.sicmasrl.com\/#\/schema\/logo\/image\/\"},\"sameAs\":[\"https:\/\/www.facebook.com\/pages\/Sicma-srl\/390677237677820?fref=ts\",\"https:\/\/www.instagram.com\/sicma_srl\/\",\"https:\/\/www.youtube.com\/channel\/UCIYRcq8zT6jpF2xwf9-fXng\"]}]}<\/script>\n<!-- \/ Yoast SEO plugin. -->","yoast_head_json":{"title":"Services &#8211; Sicma","robots":{"index":"index","follow":"follow","max-snippet":"max-snippet:-1","max-image-preview":"max-image-preview:large","max-video-preview":"max-video-preview:-1"},"canonical":"https:\/\/www.sicmasrl.com\/fr\/services\/","og_locale":"fr_FR","og_type":"article","og_title":"Services &#8211; Sicma","og_description":"SERVICES Technologie Avanc\u00e9e pour la R\u00e9colte des Olives, Noix, Amandes et Fruits Suspendus Technologie et Innovation MADE IN ITALY SOCI\u00c9T\u00c9 SOCI\u00c9T\u00c9 MISSION EXP\u00c9RIENCES GAMME LES MACHINES AUTOMOTRICES APPLICATIONS SUR TRACTEUR SOLUTIONS ALTERNATIVES SERVICES PI\u00c8CES DE RECHANGE &#038; SERVICE APR\u00c8S-VENTE OCCASION CONCESSIONNAIRES ITALIE RESTE DU MONDE","og_url":"https:\/\/www.sicmasrl.com\/fr\/services\/","og_site_name":"Sicma","article_publisher":"https:\/\/www.facebook.com\/pages\/Sicma-srl\/390677237677820?fref=ts","article_modified_time":"2020-09-23T06:00:48+00:00","og_image":[{"width":2560,"height":1920,"url":"https:\/\/www.sicmasrl.com\/wp-content\/uploads\/IMG_9141-scaled.jpg","type":"image\/jpeg"}],"twitter_card":"summary_large_image","schema":{"@context":"https:\/\/schema.org","@graph":[{"@type":"WebPage","@id":"https:\/\/www.sicmasrl.com\/fr\/services\/","url":"https:\/\/www.sicmasrl.com\/fr\/services\/","name":"Services &#8211; Sicma","isPartOf":{"@id":"https:\/\/www.sicmasrl.com\/#website"},"datePublished":"2020-05-04T14:58:00+00:00","dateModified":"2020-09-23T06:00:48+00:00","breadcrumb":{"@id":"https:\/\/www.sicmasrl.com\/fr\/services\/#breadcrumb"},"inLanguage":"fr-FR","potentialAction":[{"@type":"ReadAction","target":["https:\/\/www.sicmasrl.com\/fr\/services\/"]}]},{"@type":"BreadcrumbList","@id":"https:\/\/www.sicmasrl.com\/fr\/services\/#breadcrumb","itemListElement":[{"@type":"ListItem","position":1,"name":"Home","item":"https:\/\/www.sicmasrl.com\/es\/"},{"@type":"ListItem","position":2,"name":"Services"}]},{"@type":"WebSite","@id":"https:\/\/www.sicmasrl.com\/#website","url":"https:\/\/www.sicmasrl.com\/","name":"Sicma Srl","description":"","publisher":{"@id":"https:\/\/www.sicmasrl.com\/#organization"},"potentialAction":[{"@type":"SearchAction","target":{"@type":"EntryPoint","urlTemplate":"https:\/\/www.sicmasrl.com\/?s={search_term_string}"},"query-input":{"@type":"PropertyValueSpecification","valueRequired":true,"valueName":"search_term_string"}}],"inLanguage":"fr-FR"},{"@type":"Organization","@id":"https:\/\/www.sicmasrl.com\/#organization","name":"Sicma Srl","url":"https:\/\/www.sicmasrl.com\/","logo":{"@type":"ImageObject","inLanguage":"fr-FR","@id":"https:\/\/www.sicmasrl.com\/#\/schema\/logo\/image\/","url":"https:\/\/www.sicmasrl.com\/wp-content\/uploads\/logo-sicma-green.png","contentUrl":"https:\/\/www.sicmasrl.com\/wp-content\/uploads\/logo-sicma-green.png","width":1346,"height":629,"caption":"Sicma Srl"},"image":{"@id":"https:\/\/www.sicmasrl.com\/#\/schema\/logo\/image\/"},"sameAs":["https:\/\/www.facebook.com\/pages\/Sicma-srl\/390677237677820?fref=ts","https:\/\/www.instagram.com\/sicma_srl\/","https:\/\/www.youtube.com\/channel\/UCIYRcq8zT6jpF2xwf9-fXng"]}]}},"_links":{"self":[{"href":"https:\/\/www.sicmasrl.com\/fr\/wp-json\/wp\/v2\/pages\/7297","targetHints":{"allow":["GET"]}}],"collection":[{"href":"https:\/\/www.sicmasrl.com\/fr\/wp-json\/wp\/v2\/pages"}],"about":[{"href":"https:\/\/www.sicmasrl.com\/fr\/wp-json\/wp\/v2\/types\/page"}],"author":[{"embeddable":true,"href":"https:\/\/www.sicmasrl.com\/fr\/wp-json\/wp\/v2\/users\/1"}],"replies":[{"embeddable":true,"href":"https:\/\/www.sicmasrl.com\/fr\/wp-json\/wp\/v2\/comments?post=7297"}],"version-history":[{"count":4,"href":"https:\/\/www.sicmasrl.com\/fr\/wp-json\/wp\/v2\/pages\/7297\/revisions"}],"predecessor-version":[{"id":7541,"href":"https:\/\/www.sicmasrl.com\/fr\/wp-json\/wp\/v2\/pages\/7297\/revisions\/7541"}],"wp:attachment":[{"href":"https:\/\/www.sicmasrl.com\/fr\/wp-json\/wp\/v2\/media?parent=7297"}],"curies":[{"name":"wp","href":"https:\/\/api.w.org\/{rel}","templated":true}]}}